{"id":245,"date":"2018-06-20T07:25:44","date_gmt":"2018-06-20T07:25:44","guid":{"rendered":"https:\/\/vitafeast.cooldizajn.com\/\u043f\u0440\u043e\u0438\u0437\u0432\u043e\u0434\/carrot-crush\/"},"modified":"2022-09-16T12:42:06","modified_gmt":"2022-09-16T10:42:06","slug":"carrot-crush","status":"publish","type":"product","link":"https:\/\/vitafeast.cooldizajn.com\/hu\/termek\/carrot-crush\/","title":{"rendered":"Carrot Crush"},"content":{"rendered":"<p class=\"translation-block\">A <strong>Carrot Crush<\/strong>, a s\u00e1rgar\u00e9pa domin\u00e1ns tartalma miatt, kiv\u00e1l\u00f3 b\u00e9ta-karotin, A-, C-, K1-, \u00e9s B8-vitamin forr\u00e1sa, emellett folsavban, k\u00e1liumban, vasban, r\u00e9zben \u00e9s mang\u00e1nban is gazdag. A s\u00e1rgar\u00e9pa, alma, citrom \u00e9s gy\u00f6mb\u00e9r optim\u00e1lisan kiegyens\u00falyozott kombin\u00e1ci\u00f3ja r\u00e9v\u00e9n a Carrot Crush jav\u00edthatja a l\u00e1t\u00e1st, megel\u0151zheti a sz\u00edv- \u00e9s \u00e9rrendszeri betegs\u00e9gek kialakul\u00e1s\u00e1t, jav\u00edtja az em\u00e9szt\u00e9st, valamint meg\u0151rzi b\u0151re eg\u00e9szs\u00e9g\u00e9t \u00e9s sz\u00e9ps\u00e9g\u00e9t.<\/p>","protected":false},"excerpt":{"rendered":"<p>S\u00c1RGAR\u00c9PA \u2022 ALMA \u2022 CITROM \u2022 GY\u00d6MB\u00c9R<\/p>","protected":false},"featured_media":5952,"comment_status":"open","ping_status":"closed","template":"","meta":{"site-sidebar-layout":"default","site-content-layout":"default","ast-global-header-display":"","ast-main-header-display":"","ast-hfb-above-header-display":"","ast-hfb-below-header-display":"","ast-hfb-mobile-header-display":"","site-post-title":"","ast-breadcrumbs-content":"","ast-featured-img":"","footer-sml-layout":"","theme-transparent-header-meta":"default","adv-header-id-meta":"","stick-header-meta":"default","header-above-stick-meta":"","header-main-stick-meta":"","header-below-stick-meta":""},"product_brand":[],"product_cat":[18],"product_tag":[],"class_list":{"0":"post-245","1":"product","2":"type-product","3":"status-publish","4":"has-post-thumbnail","6":"product_cat-hladno-cedjeni-sokovi","7":"desktop-align-center","8":"tablet-align-center","9":"mobile-align-center","11":"first","12":"instock","13":"featured","14":"shipping-taxable","15":"purchasable","16":"product-type-simple"},"yoast_head":"<!-- This site is optimized with the Yoast SEO plugin v27.4 - https:\/\/yoast.com\/product\/yoast-seo-wordpress\/ -->\n<title>Carrot Crush | Vitafeast<\/title>\n<meta name=\"robots\" content=\"index, follow, max-snippet:-1, max-image-preview:large, max-video-preview:-1\" \/>\n<link rel=\"canonical\" href=\"https:\/\/vitafeast.cooldizajn.com\/hu\/termek\/carrot-crush\/\" \/>\n<meta property=\"og:locale\" content=\"hu_HU\" \/>\n<meta property=\"og:type\" content=\"article\" \/>\n<meta property=\"og:title\" content=\"Carrot Crush | Vitafeast\" \/>\n<meta property=\"og:description\" content=\"\u0160ARGAREPA \u2022 JABUKA \u2022 LIMUN \u2022 \u0110UMBIR\" \/>\n<meta property=\"og:url\" content=\"https:\/\/vitafeast.cooldizajn.com\/hu\/termek\/carrot-crush\/\" \/>\n<meta property=\"og:site_name\" content=\"Vitafeast\" \/>\n<meta property=\"article:publisher\" content=\"https:\/\/www.facebook.com\/vitafeast\" \/>\n<meta property=\"article:modified_time\" content=\"2022-09-16T10:42:06+00:00\" \/>\n<meta property=\"og:image\" content=\"https:\/\/vitafeast.cooldizajn.com\/wp-content\/uploads\/2018\/06\/Carot-Crush-1.png\" \/>\n\t<meta property=\"og:image:width\" content=\"600\" \/>\n\t<meta property=\"og:image:height\" content=\"600\" \/>\n\t<meta property=\"og:image:type\" content=\"image\/png\" \/>\n<meta name=\"twitter:card\" content=\"summary_large_image\" \/>\n<meta name=\"twitter:label1\" content=\"Becs\u00fclt olvas\u00e1si id\u0151\" \/>\n\t<meta name=\"twitter:data1\" content=\"1 perc\" \/>\n<script type=\"application\/ld+json\" class=\"yoast-schema-graph\">{\"@context\":\"https:\\\/\\\/schema.org\",\"@graph\":[{\"@type\":\"WebPage\",\"@id\":\"https:\\\/\\\/vitafeast.cooldizajn.com\\\/\u043f\u0440\u043e\u0438\u0437\u0432\u043e\u0434\\\/carrot-crush\\\/\",\"url\":\"https:\\\/\\\/vitafeast.cooldizajn.com\\\/\u043f\u0440\u043e\u0438\u0437\u0432\u043e\u0434\\\/carrot-crush\\\/\",\"name\":\"Carrot Crush | Vitafeast\",\"isPartOf\":{\"@id\":\"https:\\\/\\\/vitafeast.cooldizajn.com\\\/#website\"},\"primaryImageOfPage\":{\"@id\":\"https:\\\/\\\/vitafeast.cooldizajn.com\\\/\u043f\u0440\u043e\u0438\u0437\u0432\u043e\u0434\\\/carrot-crush\\\/#primaryimage\"},\"image\":{\"@id\":\"https:\\\/\\\/vitafeast.cooldizajn.com\\\/\u043f\u0440\u043e\u0438\u0437\u0432\u043e\u0434\\\/carrot-crush\\\/#primaryimage\"},\"thumbnailUrl\":\"https:\\\/\\\/vitafeast.cooldizajn.com\\\/wp-content\\\/uploads\\\/2018\\\/06\\\/Carot-Crush-1.png\",\"datePublished\":\"2018-06-20T07:25:44+00:00\",\"dateModified\":\"2022-09-16T10:42:06+00:00\",\"breadcrumb\":{\"@id\":\"https:\\\/\\\/vitafeast.cooldizajn.com\\\/\u043f\u0440\u043e\u0438\u0437\u0432\u043e\u0434\\\/carrot-crush\\\/#breadcrumb\"},\"inLanguage\":\"hu\",\"potentialAction\":[{\"@type\":\"ReadAction\",\"target\":[\"https:\\\/\\\/vitafeast.cooldizajn.com\\\/\u043f\u0440\u043e\u0438\u0437\u0432\u043e\u0434\\\/carrot-crush\\\/\"]}]},{\"@type\":\"ImageObject\",\"inLanguage\":\"hu\",\"@id\":\"https:\\\/\\\/vitafeast.cooldizajn.com\\\/\u043f\u0440\u043e\u0438\u0437\u0432\u043e\u0434\\\/carrot-crush\\\/#primaryimage\",\"url\":\"https:\\\/\\\/vitafeast.cooldizajn.com\\\/wp-content\\\/uploads\\\/2018\\\/06\\\/Carot-Crush-1.png\",\"contentUrl\":\"https:\\\/\\\/vitafeast.cooldizajn.com\\\/wp-content\\\/uploads\\\/2018\\\/06\\\/Carot-Crush-1.png\",\"width\":600,\"height\":600},{\"@type\":\"BreadcrumbList\",\"@id\":\"https:\\\/\\\/vitafeast.cooldizajn.com\\\/\u043f\u0440\u043e\u0438\u0437\u0432\u043e\u0434\\\/carrot-crush\\\/#breadcrumb\",\"itemListElement\":[{\"@type\":\"ListItem\",\"position\":1,\"name\":\"Po\u010detna\",\"item\":\"https:\\\/\\\/vitafeast.cooldizajn.com\\\/\"},{\"@type\":\"ListItem\",\"position\":2,\"name\":\"\u041f\u0440\u043e\u0438\u0437\u0432\u043e\u0434\u0438\",\"item\":\"https:\\\/\\\/vitafeast.cooldizajn.com\\\/shop\\\/\"},{\"@type\":\"ListItem\",\"position\":3,\"name\":\"Carrot Crush\"}]},{\"@type\":\"WebSite\",\"@id\":\"https:\\\/\\\/vitafeast.cooldizajn.com\\\/#website\",\"url\":\"https:\\\/\\\/vitafeast.cooldizajn.com\\\/\",\"name\":\"Vitafeast\",\"description\":\"\",\"publisher\":{\"@id\":\"https:\\\/\\\/vitafeast.cooldizajn.com\\\/#organization\"},\"potentialAction\":[{\"@type\":\"SearchAction\",\"target\":{\"@type\":\"EntryPoint\",\"urlTemplate\":\"https:\\\/\\\/vitafeast.cooldizajn.com\\\/?s={search_term_string}\"},\"query-input\":{\"@type\":\"PropertyValueSpecification\",\"valueRequired\":true,\"valueName\":\"search_term_string\"}}],\"inLanguage\":\"hu\"},{\"@type\":\"Organization\",\"@id\":\"https:\\\/\\\/vitafeast.cooldizajn.com\\\/#organization\",\"name\":\"Vitafeast\",\"url\":\"https:\\\/\\\/vitafeast.cooldizajn.com\\\/\",\"logo\":{\"@type\":\"ImageObject\",\"inLanguage\":\"hu\",\"@id\":\"https:\\\/\\\/vitafeast.cooldizajn.com\\\/#\\\/schema\\\/logo\\\/image\\\/\",\"url\":\"https:\\\/\\\/vitafeast.cooldizajn.com\\\/wp-content\\\/uploads\\\/2021\\\/11\\\/60-light.png\",\"contentUrl\":\"https:\\\/\\\/vitafeast.cooldizajn.com\\\/wp-content\\\/uploads\\\/2021\\\/11\\\/60-light.png\",\"width\":90,\"height\":61,\"caption\":\"Vitafeast\"},\"image\":{\"@id\":\"https:\\\/\\\/vitafeast.cooldizajn.com\\\/#\\\/schema\\\/logo\\\/image\\\/\"},\"sameAs\":[\"https:\\\/\\\/www.facebook.com\\\/vitafeast\",\"https:\\\/\\\/www.instagram.com\\\/vitafeast\\\/\"]}]}<\/script>\n<!-- \/ Yoast SEO plugin. -->","yoast_head_json":{"title":"Carrot Crush | Vitafeast","robots":{"index":"index","follow":"follow","max-snippet":"max-snippet:-1","max-image-preview":"max-image-preview:large","max-video-preview":"max-video-preview:-1"},"canonical":"https:\/\/vitafeast.cooldizajn.com\/hu\/termek\/carrot-crush\/","og_locale":"hu_HU","og_type":"article","og_title":"Carrot Crush | Vitafeast","og_description":"\u0160ARGAREPA \u2022 JABUKA \u2022 LIMUN \u2022 \u0110UMBIR","og_url":"https:\/\/vitafeast.cooldizajn.com\/hu\/termek\/carrot-crush\/","og_site_name":"Vitafeast","article_publisher":"https:\/\/www.facebook.com\/vitafeast","article_modified_time":"2022-09-16T10:42:06+00:00","og_image":[{"width":600,"height":600,"url":"https:\/\/vitafeast.cooldizajn.com\/wp-content\/uploads\/2018\/06\/Carot-Crush-1.png","type":"image\/png"}],"twitter_card":"summary_large_image","twitter_misc":{"Becs\u00fclt olvas\u00e1si id\u0151":"1 perc"},"schema":{"@context":"https:\/\/schema.org","@graph":[{"@type":"WebPage","@id":"https:\/\/vitafeast.cooldizajn.com\/\u043f\u0440\u043e\u0438\u0437\u0432\u043e\u0434\/carrot-crush\/","url":"https:\/\/vitafeast.cooldizajn.com\/\u043f\u0440\u043e\u0438\u0437\u0432\u043e\u0434\/carrot-crush\/","name":"Carrot Crush | Vitafeast","isPartOf":{"@id":"https:\/\/vitafeast.cooldizajn.com\/#website"},"primaryImageOfPage":{"@id":"https:\/\/vitafeast.cooldizajn.com\/\u043f\u0440\u043e\u0438\u0437\u0432\u043e\u0434\/carrot-crush\/#primaryimage"},"image":{"@id":"https:\/\/vitafeast.cooldizajn.com\/\u043f\u0440\u043e\u0438\u0437\u0432\u043e\u0434\/carrot-crush\/#primaryimage"},"thumbnailUrl":"https:\/\/vitafeast.cooldizajn.com\/wp-content\/uploads\/2018\/06\/Carot-Crush-1.png","datePublished":"2018-06-20T07:25:44+00:00","dateModified":"2022-09-16T10:42:06+00:00","breadcrumb":{"@id":"https:\/\/vitafeast.cooldizajn.com\/\u043f\u0440\u043e\u0438\u0437\u0432\u043e\u0434\/carrot-crush\/#breadcrumb"},"inLanguage":"hu","potentialAction":[{"@type":"ReadAction","target":["https:\/\/vitafeast.cooldizajn.com\/\u043f\u0440\u043e\u0438\u0437\u0432\u043e\u0434\/carrot-crush\/"]}]},{"@type":"ImageObject","inLanguage":"hu","@id":"https:\/\/vitafeast.cooldizajn.com\/\u043f\u0440\u043e\u0438\u0437\u0432\u043e\u0434\/carrot-crush\/#primaryimage","url":"https:\/\/vitafeast.cooldizajn.com\/wp-content\/uploads\/2018\/06\/Carot-Crush-1.png","contentUrl":"https:\/\/vitafeast.cooldizajn.com\/wp-content\/uploads\/2018\/06\/Carot-Crush-1.png","width":600,"height":600},{"@type":"BreadcrumbList","@id":"https:\/\/vitafeast.cooldizajn.com\/\u043f\u0440\u043e\u0438\u0437\u0432\u043e\u0434\/carrot-crush\/#breadcrumb","itemListElement":[{"@type":"ListItem","position":1,"name":"Po\u010detna","item":"https:\/\/vitafeast.cooldizajn.com\/"},{"@type":"ListItem","position":2,"name":"\u041f\u0440\u043e\u0438\u0437\u0432\u043e\u0434\u0438","item":"https:\/\/vitafeast.cooldizajn.com\/shop\/"},{"@type":"ListItem","position":3,"name":"Carrot Crush"}]},{"@type":"WebSite","@id":"https:\/\/vitafeast.cooldizajn.com\/#website","url":"https:\/\/vitafeast.cooldizajn.com\/","name":"Vitafeast","description":"","publisher":{"@id":"https:\/\/vitafeast.cooldizajn.com\/#organization"},"potentialAction":[{"@type":"SearchAction","target":{"@type":"EntryPoint","urlTemplate":"https:\/\/vitafeast.cooldizajn.com\/?s={search_term_string}"},"query-input":{"@type":"PropertyValueSpecification","valueRequired":true,"valueName":"search_term_string"}}],"inLanguage":"hu"},{"@type":"Organization","@id":"https:\/\/vitafeast.cooldizajn.com\/#organization","name":"Vitafeast","url":"https:\/\/vitafeast.cooldizajn.com\/","logo":{"@type":"ImageObject","inLanguage":"hu","@id":"https:\/\/vitafeast.cooldizajn.com\/#\/schema\/logo\/image\/","url":"https:\/\/vitafeast.cooldizajn.com\/wp-content\/uploads\/2021\/11\/60-light.png","contentUrl":"https:\/\/vitafeast.cooldizajn.com\/wp-content\/uploads\/2021\/11\/60-light.png","width":90,"height":61,"caption":"Vitafeast"},"image":{"@id":"https:\/\/vitafeast.cooldizajn.com\/#\/schema\/logo\/image\/"},"sameAs":["https:\/\/www.facebook.com\/vitafeast","https:\/\/www.instagram.com\/vitafeast\/"]}]}},"_links":{"self":[{"href":"https:\/\/vitafeast.cooldizajn.com\/hu\/wp-json\/wp\/v2\/product\/245","targetHints":{"allow":["GET"]}}],"collection":[{"href":"https:\/\/vitafeast.cooldizajn.com\/hu\/wp-json\/wp\/v2\/product"}],"about":[{"href":"https:\/\/vitafeast.cooldizajn.com\/hu\/wp-json\/wp\/v2\/types\/product"}],"replies":[{"embeddable":true,"href":"https:\/\/vitafeast.cooldizajn.com\/hu\/wp-json\/wp\/v2\/comments?post=245"}],"wp:featuredmedia":[{"embeddable":true,"href":"https:\/\/vitafeast.cooldizajn.com\/hu\/wp-json\/wp\/v2\/media\/5952"}],"wp:attachment":[{"href":"https:\/\/vitafeast.cooldizajn.com\/hu\/wp-json\/wp\/v2\/media?parent=245"}],"wp:term":[{"taxonomy":"product_brand","embeddable":true,"href":"https:\/\/vitafeast.cooldizajn.com\/hu\/wp-json\/wp\/v2\/product_brand?post=245"},{"taxonomy":"product_cat","embeddable":true,"href":"https:\/\/vitafeast.cooldizajn.com\/hu\/wp-json\/wp\/v2\/product_cat?post=245"},{"taxonomy":"product_tag","embeddable":true,"href":"https:\/\/vitafeast.cooldizajn.com\/hu\/wp-json\/wp\/v2\/product_tag?post=245"}],"curies":[{"name":"wp","href":"https:\/\/api.w.org\/{rel}","templated":true}]}}