{"id":4414,"date":"2021-10-12T12:33:21","date_gmt":"2021-10-12T10:33:21","guid":{"rendered":"https:\/\/vitafeast.cooldizajn.com\/\u043f\u0440\u043e\u0438\u0437\u0432\u043e\u0434\/mighty-green\/"},"modified":"2022-09-16T12:47:34","modified_gmt":"2022-09-16T10:47:34","slug":"mighty-green","status":"publish","type":"product","link":"https:\/\/vitafeast.cooldizajn.com\/hu\/termek\/mighty-green\/","title":{"rendered":"Mighty Green"},"content":{"rendered":"<p class=\"translation-block\">A <strong>Mighty Green<\/strong>, kiegyens\u00falyozott mennyis\u00e9g\u0171 ubork\u00e1j\u00e1val \u00e9s zellerr\u00e9vel, n\u00e9lk\u00fcl\u00f6zhetetlen partner a m\u00e9reganyagok szervezetb\u0151l val\u00f3 elt\u00e1vol\u00edt\u00e1s\u00e1ban, mik\u00f6zben seg\u00edti a szervezet hidrat\u00e1l\u00e1s\u00e1t is. Magas mennyis\u00e9gben tartalmaz K-, A-, B1-, B6-, C- \u00e9s D-vitamint, valamint t\u00f6k\u00e9letes ar\u00e1nyban tartalmaz n\u00e1triumot \u00e9s k\u00e1liumot, mely kiv\u00e1l\u00f3 v\u00edzhajt\u00f3v\u00e1 teszi. A gy\u00f6mb\u00e9r, pontosabban annak a gingerol nev\u0171 \u00f6sszetev\u0151je, gyullad\u00e1scs\u00f6kkent\u0151 hat\u00e1s\u00fa \u00e9s kiv\u00e1l\u00f3 antioxid\u00e1ns, mik\u00f6zben a citrom \u00e9s a gy\u00f6mb\u00e9r kombin\u00e1ci\u00f3ja miatt a Mighty Green felgyors\u00edtja a feh\u00e9rv\u00e9rsejtek k\u00e9pz\u0151d\u00e9s\u00e9t \u00e9s term\u00e9szetesen er\u0151s\u00edti az immunrendszert.<\/p>","protected":false},"excerpt":{"rendered":"<p>UBORKA \u2022 ALMA \u2022 ZELLER \u2022 CITROM \u2022 GY\u00d6MB\u00c9R<\/p>","protected":false},"featured_media":5955,"comment_status":"open","ping_status":"closed","template":"","meta":{"site-sidebar-layout":"default","site-content-layout":"default","ast-global-header-display":"","ast-main-header-display":"","ast-hfb-above-header-display":"","ast-hfb-below-header-display":"","ast-hfb-mobile-header-display":"","site-post-title":"","ast-breadcrumbs-content":"","ast-featured-img":"","footer-sml-layout":"","theme-transparent-header-meta":"default","adv-header-id-meta":"","stick-header-meta":"default","header-above-stick-meta":"","header-main-stick-meta":"","header-below-stick-meta":""},"product_brand":[],"product_cat":[18],"product_tag":[],"class_list":{"0":"post-4414","1":"product","2":"type-product","3":"status-publish","4":"has-post-thumbnail","6":"product_cat-hladno-cedjeni-sokovi","7":"desktop-align-center","8":"tablet-align-center","9":"mobile-align-center","11":"first","12":"instock","13":"featured","14":"shipping-taxable","15":"purchasable","16":"product-type-simple"},"yoast_head":"<!-- This site is optimized with the Yoast SEO plugin v27.4 - https:\/\/yoast.com\/product\/yoast-seo-wordpress\/ -->\n<title>Mighty Green | Vitafeast<\/title>\n<meta name=\"robots\" content=\"index, follow, max-snippet:-1, max-image-preview:large, max-video-preview:-1\" \/>\n<link rel=\"canonical\" href=\"https:\/\/vitafeast.cooldizajn.com\/hu\/termek\/mighty-green\/\" \/>\n<meta property=\"og:locale\" content=\"hu_HU\" \/>\n<meta property=\"og:type\" content=\"article\" \/>\n<meta property=\"og:title\" content=\"Mighty Green | Vitafeast\" \/>\n<meta property=\"og:description\" content=\"KRASTAVAC \u2022 JABUKA \u2022 CELER \u2022 LIMUN \u2022 \u0110UMBIR\" \/>\n<meta property=\"og:url\" content=\"https:\/\/vitafeast.cooldizajn.com\/hu\/termek\/mighty-green\/\" \/>\n<meta property=\"og:site_name\" content=\"Vitafeast\" \/>\n<meta property=\"article:publisher\" content=\"https:\/\/www.facebook.com\/vitafeast\" \/>\n<meta property=\"article:modified_time\" content=\"2022-09-16T10:47:34+00:00\" \/>\n<meta property=\"og:image\" content=\"https:\/\/vitafeast.cooldizajn.com\/wp-content\/uploads\/2021\/10\/Mighty-Green-1.png\" \/>\n\t<meta property=\"og:image:width\" content=\"600\" \/>\n\t<meta property=\"og:image:height\" content=\"600\" \/>\n\t<meta property=\"og:image:type\" content=\"image\/png\" \/>\n<meta name=\"twitter:card\" content=\"summary_large_image\" \/>\n<meta name=\"twitter:label1\" content=\"Becs\u00fclt olvas\u00e1si id\u0151\" \/>\n\t<meta name=\"twitter:data1\" content=\"1 perc\" \/>\n<script type=\"application\/ld+json\" class=\"yoast-schema-graph\">{\"@context\":\"https:\\\/\\\/schema.org\",\"@graph\":[{\"@type\":\"WebPage\",\"@id\":\"https:\\\/\\\/vitafeast.cooldizajn.com\\\/\u043f\u0440\u043e\u0438\u0437\u0432\u043e\u0434\\\/mighty-green\\\/\",\"url\":\"https:\\\/\\\/vitafeast.cooldizajn.com\\\/\u043f\u0440\u043e\u0438\u0437\u0432\u043e\u0434\\\/mighty-green\\\/\",\"name\":\"Mighty Green | Vitafeast\",\"isPartOf\":{\"@id\":\"https:\\\/\\\/vitafeast.cooldizajn.com\\\/#website\"},\"primaryImageOfPage\":{\"@id\":\"https:\\\/\\\/vitafeast.cooldizajn.com\\\/\u043f\u0440\u043e\u0438\u0437\u0432\u043e\u0434\\\/mighty-green\\\/#primaryimage\"},\"image\":{\"@id\":\"https:\\\/\\\/vitafeast.cooldizajn.com\\\/\u043f\u0440\u043e\u0438\u0437\u0432\u043e\u0434\\\/mighty-green\\\/#primaryimage\"},\"thumbnailUrl\":\"https:\\\/\\\/vitafeast.cooldizajn.com\\\/wp-content\\\/uploads\\\/2021\\\/10\\\/Mighty-Green-1.png\",\"datePublished\":\"2021-10-12T10:33:21+00:00\",\"dateModified\":\"2022-09-16T10:47:34+00:00\",\"breadcrumb\":{\"@id\":\"https:\\\/\\\/vitafeast.cooldizajn.com\\\/\u043f\u0440\u043e\u0438\u0437\u0432\u043e\u0434\\\/mighty-green\\\/#breadcrumb\"},\"inLanguage\":\"hu\",\"potentialAction\":[{\"@type\":\"ReadAction\",\"target\":[\"https:\\\/\\\/vitafeast.cooldizajn.com\\\/\u043f\u0440\u043e\u0438\u0437\u0432\u043e\u0434\\\/mighty-green\\\/\"]}]},{\"@type\":\"ImageObject\",\"inLanguage\":\"hu\",\"@id\":\"https:\\\/\\\/vitafeast.cooldizajn.com\\\/\u043f\u0440\u043e\u0438\u0437\u0432\u043e\u0434\\\/mighty-green\\\/#primaryimage\",\"url\":\"https:\\\/\\\/vitafeast.cooldizajn.com\\\/wp-content\\\/uploads\\\/2021\\\/10\\\/Mighty-Green-1.png\",\"contentUrl\":\"https:\\\/\\\/vitafeast.cooldizajn.com\\\/wp-content\\\/uploads\\\/2021\\\/10\\\/Mighty-Green-1.png\",\"width\":600,\"height\":600},{\"@type\":\"BreadcrumbList\",\"@id\":\"https:\\\/\\\/vitafeast.cooldizajn.com\\\/\u043f\u0440\u043e\u0438\u0437\u0432\u043e\u0434\\\/mighty-green\\\/#breadcrumb\",\"itemListElement\":[{\"@type\":\"ListItem\",\"position\":1,\"name\":\"Po\u010detna\",\"item\":\"https:\\\/\\\/vitafeast.cooldizajn.com\\\/\"},{\"@type\":\"ListItem\",\"position\":2,\"name\":\"\u041f\u0440\u043e\u0438\u0437\u0432\u043e\u0434\u0438\",\"item\":\"https:\\\/\\\/vitafeast.cooldizajn.com\\\/shop\\\/\"},{\"@type\":\"ListItem\",\"position\":3,\"name\":\"Mighty Green\"}]},{\"@type\":\"WebSite\",\"@id\":\"https:\\\/\\\/vitafeast.cooldizajn.com\\\/#website\",\"url\":\"https:\\\/\\\/vitafeast.cooldizajn.com\\\/\",\"name\":\"Vitafeast\",\"description\":\"\",\"publisher\":{\"@id\":\"https:\\\/\\\/vitafeast.cooldizajn.com\\\/#organization\"},\"potentialAction\":[{\"@type\":\"SearchAction\",\"target\":{\"@type\":\"EntryPoint\",\"urlTemplate\":\"https:\\\/\\\/vitafeast.cooldizajn.com\\\/?s={search_term_string}\"},\"query-input\":{\"@type\":\"PropertyValueSpecification\",\"valueRequired\":true,\"valueName\":\"search_term_string\"}}],\"inLanguage\":\"hu\"},{\"@type\":\"Organization\",\"@id\":\"https:\\\/\\\/vitafeast.cooldizajn.com\\\/#organization\",\"name\":\"Vitafeast\",\"url\":\"https:\\\/\\\/vitafeast.cooldizajn.com\\\/\",\"logo\":{\"@type\":\"ImageObject\",\"inLanguage\":\"hu\",\"@id\":\"https:\\\/\\\/vitafeast.cooldizajn.com\\\/#\\\/schema\\\/logo\\\/image\\\/\",\"url\":\"https:\\\/\\\/vitafeast.cooldizajn.com\\\/wp-content\\\/uploads\\\/2021\\\/11\\\/60-light.png\",\"contentUrl\":\"https:\\\/\\\/vitafeast.cooldizajn.com\\\/wp-content\\\/uploads\\\/2021\\\/11\\\/60-light.png\",\"width\":90,\"height\":61,\"caption\":\"Vitafeast\"},\"image\":{\"@id\":\"https:\\\/\\\/vitafeast.cooldizajn.com\\\/#\\\/schema\\\/logo\\\/image\\\/\"},\"sameAs\":[\"https:\\\/\\\/www.facebook.com\\\/vitafeast\",\"https:\\\/\\\/www.instagram.com\\\/vitafeast\\\/\"]}]}<\/script>\n<!-- \/ Yoast SEO plugin. -->","yoast_head_json":{"title":"Mighty Green | Vitafeast","robots":{"index":"index","follow":"follow","max-snippet":"max-snippet:-1","max-image-preview":"max-image-preview:large","max-video-preview":"max-video-preview:-1"},"canonical":"https:\/\/vitafeast.cooldizajn.com\/hu\/termek\/mighty-green\/","og_locale":"hu_HU","og_type":"article","og_title":"Mighty Green | Vitafeast","og_description":"KRASTAVAC \u2022 JABUKA \u2022 CELER \u2022 LIMUN \u2022 \u0110UMBIR","og_url":"https:\/\/vitafeast.cooldizajn.com\/hu\/termek\/mighty-green\/","og_site_name":"Vitafeast","article_publisher":"https:\/\/www.facebook.com\/vitafeast","article_modified_time":"2022-09-16T10:47:34+00:00","og_image":[{"width":600,"height":600,"url":"https:\/\/vitafeast.cooldizajn.com\/wp-content\/uploads\/2021\/10\/Mighty-Green-1.png","type":"image\/png"}],"twitter_card":"summary_large_image","twitter_misc":{"Becs\u00fclt olvas\u00e1si id\u0151":"1 perc"},"schema":{"@context":"https:\/\/schema.org","@graph":[{"@type":"WebPage","@id":"https:\/\/vitafeast.cooldizajn.com\/\u043f\u0440\u043e\u0438\u0437\u0432\u043e\u0434\/mighty-green\/","url":"https:\/\/vitafeast.cooldizajn.com\/\u043f\u0440\u043e\u0438\u0437\u0432\u043e\u0434\/mighty-green\/","name":"Mighty Green | Vitafeast","isPartOf":{"@id":"https:\/\/vitafeast.cooldizajn.com\/#website"},"primaryImageOfPage":{"@id":"https:\/\/vitafeast.cooldizajn.com\/\u043f\u0440\u043e\u0438\u0437\u0432\u043e\u0434\/mighty-green\/#primaryimage"},"image":{"@id":"https:\/\/vitafeast.cooldizajn.com\/\u043f\u0440\u043e\u0438\u0437\u0432\u043e\u0434\/mighty-green\/#primaryimage"},"thumbnailUrl":"https:\/\/vitafeast.cooldizajn.com\/wp-content\/uploads\/2021\/10\/Mighty-Green-1.png","datePublished":"2021-10-12T10:33:21+00:00","dateModified":"2022-09-16T10:47:34+00:00","breadcrumb":{"@id":"https:\/\/vitafeast.cooldizajn.com\/\u043f\u0440\u043e\u0438\u0437\u0432\u043e\u0434\/mighty-green\/#breadcrumb"},"inLanguage":"hu","potentialAction":[{"@type":"ReadAction","target":["https:\/\/vitafeast.cooldizajn.com\/\u043f\u0440\u043e\u0438\u0437\u0432\u043e\u0434\/mighty-green\/"]}]},{"@type":"ImageObject","inLanguage":"hu","@id":"https:\/\/vitafeast.cooldizajn.com\/\u043f\u0440\u043e\u0438\u0437\u0432\u043e\u0434\/mighty-green\/#primaryimage","url":"https:\/\/vitafeast.cooldizajn.com\/wp-content\/uploads\/2021\/10\/Mighty-Green-1.png","contentUrl":"https:\/\/vitafeast.cooldizajn.com\/wp-content\/uploads\/2021\/10\/Mighty-Green-1.png","width":600,"height":600},{"@type":"BreadcrumbList","@id":"https:\/\/vitafeast.cooldizajn.com\/\u043f\u0440\u043e\u0438\u0437\u0432\u043e\u0434\/mighty-green\/#breadcrumb","itemListElement":[{"@type":"ListItem","position":1,"name":"Po\u010detna","item":"https:\/\/vitafeast.cooldizajn.com\/"},{"@type":"ListItem","position":2,"name":"\u041f\u0440\u043e\u0438\u0437\u0432\u043e\u0434\u0438","item":"https:\/\/vitafeast.cooldizajn.com\/shop\/"},{"@type":"ListItem","position":3,"name":"Mighty Green"}]},{"@type":"WebSite","@id":"https:\/\/vitafeast.cooldizajn.com\/#website","url":"https:\/\/vitafeast.cooldizajn.com\/","name":"Vitafeast","description":"","publisher":{"@id":"https:\/\/vitafeast.cooldizajn.com\/#organization"},"potentialAction":[{"@type":"SearchAction","target":{"@type":"EntryPoint","urlTemplate":"https:\/\/vitafeast.cooldizajn.com\/?s={search_term_string}"},"query-input":{"@type":"PropertyValueSpecification","valueRequired":true,"valueName":"search_term_string"}}],"inLanguage":"hu"},{"@type":"Organization","@id":"https:\/\/vitafeast.cooldizajn.com\/#organization","name":"Vitafeast","url":"https:\/\/vitafeast.cooldizajn.com\/","logo":{"@type":"ImageObject","inLanguage":"hu","@id":"https:\/\/vitafeast.cooldizajn.com\/#\/schema\/logo\/image\/","url":"https:\/\/vitafeast.cooldizajn.com\/wp-content\/uploads\/2021\/11\/60-light.png","contentUrl":"https:\/\/vitafeast.cooldizajn.com\/wp-content\/uploads\/2021\/11\/60-light.png","width":90,"height":61,"caption":"Vitafeast"},"image":{"@id":"https:\/\/vitafeast.cooldizajn.com\/#\/schema\/logo\/image\/"},"sameAs":["https:\/\/www.facebook.com\/vitafeast","https:\/\/www.instagram.com\/vitafeast\/"]}]}},"_links":{"self":[{"href":"https:\/\/vitafeast.cooldizajn.com\/hu\/wp-json\/wp\/v2\/product\/4414","targetHints":{"allow":["GET"]}}],"collection":[{"href":"https:\/\/vitafeast.cooldizajn.com\/hu\/wp-json\/wp\/v2\/product"}],"about":[{"href":"https:\/\/vitafeast.cooldizajn.com\/hu\/wp-json\/wp\/v2\/types\/product"}],"replies":[{"embeddable":true,"href":"https:\/\/vitafeast.cooldizajn.com\/hu\/wp-json\/wp\/v2\/comments?post=4414"}],"wp:featuredmedia":[{"embeddable":true,"href":"https:\/\/vitafeast.cooldizajn.com\/hu\/wp-json\/wp\/v2\/media\/5955"}],"wp:attachment":[{"href":"https:\/\/vitafeast.cooldizajn.com\/hu\/wp-json\/wp\/v2\/media?parent=4414"}],"wp:term":[{"taxonomy":"product_brand","embeddable":true,"href":"https:\/\/vitafeast.cooldizajn.com\/hu\/wp-json\/wp\/v2\/product_brand?post=4414"},{"taxonomy":"product_cat","embeddable":true,"href":"https:\/\/vitafeast.cooldizajn.com\/hu\/wp-json\/wp\/v2\/product_cat?post=4414"},{"taxonomy":"product_tag","embeddable":true,"href":"https:\/\/vitafeast.cooldizajn.com\/hu\/wp-json\/wp\/v2\/product_tag?post=4414"}],"curies":[{"name":"wp","href":"https:\/\/api.w.org\/{rel}","templated":true}]}}