{"id":4416,"date":"2021-10-12T12:38:08","date_gmt":"2021-10-12T10:38:08","guid":{"rendered":"https:\/\/vitafeast.cooldizajn.com\/\u043f\u0440\u043e\u0438\u0437\u0432\u043e\u0434\/sunset-view\/"},"modified":"2022-09-16T12:49:00","modified_gmt":"2022-09-16T10:49:00","slug":"sunset-view","status":"publish","type":"product","link":"https:\/\/vitafeast.cooldizajn.com\/hu\/termek\/sunset-view\/","title":{"rendered":"Sunset View"},"content":{"rendered":"<p class=\"translation-block\">A <strong>Sunset View<\/strong>, anan\u00e1sz \u00e9s menta ellen\u00e1llhatatlan kombin\u00e1ci\u00f3j\u00e1val, valamint alma \u00e9s citrom, az immunrendszer v\u00e9delmez\u0151i hozz\u00e1ad\u00e1s\u00e1val, gazdag forr\u00e1sa k\u00fcl\u00f6nf\u00e9le vitaminoknak \u00e9s \u00e1sv\u00e1nyi anyagoknak, melyek k\u00f6z\u00fcl kiemelkedik a C-vitamin \u00e9s a mang\u00e1n. Az emberek \u00e1ltal\u00e1ban nincsenek tiszt\u00e1ban azzal, hogy az anan\u00e1sz val\u00f3j\u00e1ban milyen eg\u00e9szs\u00e9ges \u00e9s gy\u00f3gy\u00edt\u00f3 hat\u00e1s\u00fa, de az orvosi kutat\u00e1sok bebizony\u00edtott\u00e1k, hogy az anan\u00e1sz er\u0151s r\u00e1kellenes \u00f6sszetev\u0151t tartalmaz, mely seg\u00edthet lek\u00fczdeni ezt az \u00e1d\u00e1z betegs\u00e9get. A Sunset View mindezek mellett ment\u00e1t is tartalmaz, mely egyike a legh\u00edresebb gy\u00f3gyn\u00f6v\u00e9nyeknek, ez\u00e9rt t\u00f6bbek k\u00f6z\u00f6tt l\u00e9g\u00fati probl\u00e9m\u00e1kon \u00e9s izomf\u00e1jdalmakon is seg\u00edthet.<\/p>","protected":false},"excerpt":{"rendered":"<p>ANAN\u00c1SZ \u2022 ALMA \u2022 CITROM \u2022 MENTA<\/p>","protected":false},"featured_media":5957,"comment_status":"open","ping_status":"closed","template":"","meta":{"site-sidebar-layout":"default","site-content-layout":"default","ast-global-header-display":"","ast-main-header-display":"","ast-hfb-above-header-display":"","ast-hfb-below-header-display":"","ast-hfb-mobile-header-display":"","site-post-title":"","ast-breadcrumbs-content":"","ast-featured-img":"","footer-sml-layout":"","theme-transparent-header-meta":"default","adv-header-id-meta":"","stick-header-meta":"enabled","header-above-stick-meta":"","header-main-stick-meta":"on","header-below-stick-meta":""},"product_brand":[],"product_cat":[18],"product_tag":[],"class_list":{"0":"post-4416","1":"product","2":"type-product","3":"status-publish","4":"has-post-thumbnail","6":"product_cat-hladno-cedjeni-sokovi","7":"desktop-align-center","8":"tablet-align-center","9":"mobile-align-center","11":"first","12":"instock","13":"featured","14":"shipping-taxable","15":"purchasable","16":"product-type-simple"},"yoast_head":"<!-- This site is optimized with the Yoast SEO plugin v27.4 - https:\/\/yoast.com\/product\/yoast-seo-wordpress\/ -->\n<title>Sunset View | Vitafeast<\/title>\n<meta name=\"robots\" content=\"index, follow, max-snippet:-1, max-image-preview:large, max-video-preview:-1\" \/>\n<link rel=\"canonical\" href=\"https:\/\/vitafeast.cooldizajn.com\/hu\/termek\/sunset-view\/\" \/>\n<meta property=\"og:locale\" content=\"hu_HU\" \/>\n<meta property=\"og:type\" content=\"article\" \/>\n<meta property=\"og:title\" content=\"Sunset View | Vitafeast\" \/>\n<meta property=\"og:description\" content=\"ANANAS \u2022 JABUKA \u2022 LIMUN \u2022 MENTA\" \/>\n<meta property=\"og:url\" content=\"https:\/\/vitafeast.cooldizajn.com\/hu\/termek\/sunset-view\/\" \/>\n<meta property=\"og:site_name\" content=\"Vitafeast\" \/>\n<meta property=\"article:publisher\" content=\"https:\/\/www.facebook.com\/vitafeast\" \/>\n<meta property=\"article:modified_time\" content=\"2022-09-16T10:49:00+00:00\" \/>\n<meta property=\"og:image\" content=\"https:\/\/vitafeast.cooldizajn.com\/wp-content\/uploads\/2021\/10\/Sunset-View-1.png\" \/>\n\t<meta property=\"og:image:width\" content=\"600\" \/>\n\t<meta property=\"og:image:height\" content=\"600\" \/>\n\t<meta property=\"og:image:type\" content=\"image\/png\" \/>\n<meta name=\"twitter:card\" content=\"summary_large_image\" \/>\n<meta name=\"twitter:label1\" content=\"Becs\u00fclt olvas\u00e1si id\u0151\" \/>\n\t<meta name=\"twitter:data1\" content=\"1 perc\" \/>\n<script type=\"application\/ld+json\" class=\"yoast-schema-graph\">{\"@context\":\"https:\\\/\\\/schema.org\",\"@graph\":[{\"@type\":\"WebPage\",\"@id\":\"https:\\\/\\\/vitafeast.cooldizajn.com\\\/\u043f\u0440\u043e\u0438\u0437\u0432\u043e\u0434\\\/sunset-view\\\/\",\"url\":\"https:\\\/\\\/vitafeast.cooldizajn.com\\\/\u043f\u0440\u043e\u0438\u0437\u0432\u043e\u0434\\\/sunset-view\\\/\",\"name\":\"Sunset View | Vitafeast\",\"isPartOf\":{\"@id\":\"https:\\\/\\\/vitafeast.cooldizajn.com\\\/#website\"},\"primaryImageOfPage\":{\"@id\":\"https:\\\/\\\/vitafeast.cooldizajn.com\\\/\u043f\u0440\u043e\u0438\u0437\u0432\u043e\u0434\\\/sunset-view\\\/#primaryimage\"},\"image\":{\"@id\":\"https:\\\/\\\/vitafeast.cooldizajn.com\\\/\u043f\u0440\u043e\u0438\u0437\u0432\u043e\u0434\\\/sunset-view\\\/#primaryimage\"},\"thumbnailUrl\":\"https:\\\/\\\/vitafeast.cooldizajn.com\\\/wp-content\\\/uploads\\\/2021\\\/10\\\/Sunset-View-1.png\",\"datePublished\":\"2021-10-12T10:38:08+00:00\",\"dateModified\":\"2022-09-16T10:49:00+00:00\",\"breadcrumb\":{\"@id\":\"https:\\\/\\\/vitafeast.cooldizajn.com\\\/\u043f\u0440\u043e\u0438\u0437\u0432\u043e\u0434\\\/sunset-view\\\/#breadcrumb\"},\"inLanguage\":\"hu\",\"potentialAction\":[{\"@type\":\"ReadAction\",\"target\":[\"https:\\\/\\\/vitafeast.cooldizajn.com\\\/\u043f\u0440\u043e\u0438\u0437\u0432\u043e\u0434\\\/sunset-view\\\/\"]}]},{\"@type\":\"ImageObject\",\"inLanguage\":\"hu\",\"@id\":\"https:\\\/\\\/vitafeast.cooldizajn.com\\\/\u043f\u0440\u043e\u0438\u0437\u0432\u043e\u0434\\\/sunset-view\\\/#primaryimage\",\"url\":\"https:\\\/\\\/vitafeast.cooldizajn.com\\\/wp-content\\\/uploads\\\/2021\\\/10\\\/Sunset-View-1.png\",\"contentUrl\":\"https:\\\/\\\/vitafeast.cooldizajn.com\\\/wp-content\\\/uploads\\\/2021\\\/10\\\/Sunset-View-1.png\",\"width\":600,\"height\":600},{\"@type\":\"BreadcrumbList\",\"@id\":\"https:\\\/\\\/vitafeast.cooldizajn.com\\\/\u043f\u0440\u043e\u0438\u0437\u0432\u043e\u0434\\\/sunset-view\\\/#breadcrumb\",\"itemListElement\":[{\"@type\":\"ListItem\",\"position\":1,\"name\":\"Po\u010detna\",\"item\":\"https:\\\/\\\/vitafeast.cooldizajn.com\\\/\"},{\"@type\":\"ListItem\",\"position\":2,\"name\":\"\u041f\u0440\u043e\u0438\u0437\u0432\u043e\u0434\u0438\",\"item\":\"https:\\\/\\\/vitafeast.cooldizajn.com\\\/shop\\\/\"},{\"@type\":\"ListItem\",\"position\":3,\"name\":\"Sunset View\"}]},{\"@type\":\"WebSite\",\"@id\":\"https:\\\/\\\/vitafeast.cooldizajn.com\\\/#website\",\"url\":\"https:\\\/\\\/vitafeast.cooldizajn.com\\\/\",\"name\":\"Vitafeast\",\"description\":\"\",\"publisher\":{\"@id\":\"https:\\\/\\\/vitafeast.cooldizajn.com\\\/#organization\"},\"potentialAction\":[{\"@type\":\"SearchAction\",\"target\":{\"@type\":\"EntryPoint\",\"urlTemplate\":\"https:\\\/\\\/vitafeast.cooldizajn.com\\\/?s={search_term_string}\"},\"query-input\":{\"@type\":\"PropertyValueSpecification\",\"valueRequired\":true,\"valueName\":\"search_term_string\"}}],\"inLanguage\":\"hu\"},{\"@type\":\"Organization\",\"@id\":\"https:\\\/\\\/vitafeast.cooldizajn.com\\\/#organization\",\"name\":\"Vitafeast\",\"url\":\"https:\\\/\\\/vitafeast.cooldizajn.com\\\/\",\"logo\":{\"@type\":\"ImageObject\",\"inLanguage\":\"hu\",\"@id\":\"https:\\\/\\\/vitafeast.cooldizajn.com\\\/#\\\/schema\\\/logo\\\/image\\\/\",\"url\":\"https:\\\/\\\/vitafeast.cooldizajn.com\\\/wp-content\\\/uploads\\\/2021\\\/11\\\/60-light.png\",\"contentUrl\":\"https:\\\/\\\/vitafeast.cooldizajn.com\\\/wp-content\\\/uploads\\\/2021\\\/11\\\/60-light.png\",\"width\":90,\"height\":61,\"caption\":\"Vitafeast\"},\"image\":{\"@id\":\"https:\\\/\\\/vitafeast.cooldizajn.com\\\/#\\\/schema\\\/logo\\\/image\\\/\"},\"sameAs\":[\"https:\\\/\\\/www.facebook.com\\\/vitafeast\",\"https:\\\/\\\/www.instagram.com\\\/vitafeast\\\/\"]}]}<\/script>\n<!-- \/ Yoast SEO plugin. -->","yoast_head_json":{"title":"Sunset View | Vitafeast","robots":{"index":"index","follow":"follow","max-snippet":"max-snippet:-1","max-image-preview":"max-image-preview:large","max-video-preview":"max-video-preview:-1"},"canonical":"https:\/\/vitafeast.cooldizajn.com\/hu\/termek\/sunset-view\/","og_locale":"hu_HU","og_type":"article","og_title":"Sunset View | Vitafeast","og_description":"ANANAS \u2022 JABUKA \u2022 LIMUN \u2022 MENTA","og_url":"https:\/\/vitafeast.cooldizajn.com\/hu\/termek\/sunset-view\/","og_site_name":"Vitafeast","article_publisher":"https:\/\/www.facebook.com\/vitafeast","article_modified_time":"2022-09-16T10:49:00+00:00","og_image":[{"width":600,"height":600,"url":"https:\/\/vitafeast.cooldizajn.com\/wp-content\/uploads\/2021\/10\/Sunset-View-1.png","type":"image\/png"}],"twitter_card":"summary_large_image","twitter_misc":{"Becs\u00fclt olvas\u00e1si id\u0151":"1 perc"},"schema":{"@context":"https:\/\/schema.org","@graph":[{"@type":"WebPage","@id":"https:\/\/vitafeast.cooldizajn.com\/\u043f\u0440\u043e\u0438\u0437\u0432\u043e\u0434\/sunset-view\/","url":"https:\/\/vitafeast.cooldizajn.com\/\u043f\u0440\u043e\u0438\u0437\u0432\u043e\u0434\/sunset-view\/","name":"Sunset View | Vitafeast","isPartOf":{"@id":"https:\/\/vitafeast.cooldizajn.com\/#website"},"primaryImageOfPage":{"@id":"https:\/\/vitafeast.cooldizajn.com\/\u043f\u0440\u043e\u0438\u0437\u0432\u043e\u0434\/sunset-view\/#primaryimage"},"image":{"@id":"https:\/\/vitafeast.cooldizajn.com\/\u043f\u0440\u043e\u0438\u0437\u0432\u043e\u0434\/sunset-view\/#primaryimage"},"thumbnailUrl":"https:\/\/vitafeast.cooldizajn.com\/wp-content\/uploads\/2021\/10\/Sunset-View-1.png","datePublished":"2021-10-12T10:38:08+00:00","dateModified":"2022-09-16T10:49:00+00:00","breadcrumb":{"@id":"https:\/\/vitafeast.cooldizajn.com\/\u043f\u0440\u043e\u0438\u0437\u0432\u043e\u0434\/sunset-view\/#breadcrumb"},"inLanguage":"hu","potentialAction":[{"@type":"ReadAction","target":["https:\/\/vitafeast.cooldizajn.com\/\u043f\u0440\u043e\u0438\u0437\u0432\u043e\u0434\/sunset-view\/"]}]},{"@type":"ImageObject","inLanguage":"hu","@id":"https:\/\/vitafeast.cooldizajn.com\/\u043f\u0440\u043e\u0438\u0437\u0432\u043e\u0434\/sunset-view\/#primaryimage","url":"https:\/\/vitafeast.cooldizajn.com\/wp-content\/uploads\/2021\/10\/Sunset-View-1.png","contentUrl":"https:\/\/vitafeast.cooldizajn.com\/wp-content\/uploads\/2021\/10\/Sunset-View-1.png","width":600,"height":600},{"@type":"BreadcrumbList","@id":"https:\/\/vitafeast.cooldizajn.com\/\u043f\u0440\u043e\u0438\u0437\u0432\u043e\u0434\/sunset-view\/#breadcrumb","itemListElement":[{"@type":"ListItem","position":1,"name":"Po\u010detna","item":"https:\/\/vitafeast.cooldizajn.com\/"},{"@type":"ListItem","position":2,"name":"\u041f\u0440\u043e\u0438\u0437\u0432\u043e\u0434\u0438","item":"https:\/\/vitafeast.cooldizajn.com\/shop\/"},{"@type":"ListItem","position":3,"name":"Sunset View"}]},{"@type":"WebSite","@id":"https:\/\/vitafeast.cooldizajn.com\/#website","url":"https:\/\/vitafeast.cooldizajn.com\/","name":"Vitafeast","description":"","publisher":{"@id":"https:\/\/vitafeast.cooldizajn.com\/#organization"},"potentialAction":[{"@type":"SearchAction","target":{"@type":"EntryPoint","urlTemplate":"https:\/\/vitafeast.cooldizajn.com\/?s={search_term_string}"},"query-input":{"@type":"PropertyValueSpecification","valueRequired":true,"valueName":"search_term_string"}}],"inLanguage":"hu"},{"@type":"Organization","@id":"https:\/\/vitafeast.cooldizajn.com\/#organization","name":"Vitafeast","url":"https:\/\/vitafeast.cooldizajn.com\/","logo":{"@type":"ImageObject","inLanguage":"hu","@id":"https:\/\/vitafeast.cooldizajn.com\/#\/schema\/logo\/image\/","url":"https:\/\/vitafeast.cooldizajn.com\/wp-content\/uploads\/2021\/11\/60-light.png","contentUrl":"https:\/\/vitafeast.cooldizajn.com\/wp-content\/uploads\/2021\/11\/60-light.png","width":90,"height":61,"caption":"Vitafeast"},"image":{"@id":"https:\/\/vitafeast.cooldizajn.com\/#\/schema\/logo\/image\/"},"sameAs":["https:\/\/www.facebook.com\/vitafeast","https:\/\/www.instagram.com\/vitafeast\/"]}]}},"_links":{"self":[{"href":"https:\/\/vitafeast.cooldizajn.com\/hu\/wp-json\/wp\/v2\/product\/4416","targetHints":{"allow":["GET"]}}],"collection":[{"href":"https:\/\/vitafeast.cooldizajn.com\/hu\/wp-json\/wp\/v2\/product"}],"about":[{"href":"https:\/\/vitafeast.cooldizajn.com\/hu\/wp-json\/wp\/v2\/types\/product"}],"replies":[{"embeddable":true,"href":"https:\/\/vitafeast.cooldizajn.com\/hu\/wp-json\/wp\/v2\/comments?post=4416"}],"wp:featuredmedia":[{"embeddable":true,"href":"https:\/\/vitafeast.cooldizajn.com\/hu\/wp-json\/wp\/v2\/media\/5957"}],"wp:attachment":[{"href":"https:\/\/vitafeast.cooldizajn.com\/hu\/wp-json\/wp\/v2\/media?parent=4416"}],"wp:term":[{"taxonomy":"product_brand","embeddable":true,"href":"https:\/\/vitafeast.cooldizajn.com\/hu\/wp-json\/wp\/v2\/product_brand?post=4416"},{"taxonomy":"product_cat","embeddable":true,"href":"https:\/\/vitafeast.cooldizajn.com\/hu\/wp-json\/wp\/v2\/product_cat?post=4416"},{"taxonomy":"product_tag","embeddable":true,"href":"https:\/\/vitafeast.cooldizajn.com\/hu\/wp-json\/wp\/v2\/product_tag?post=4416"}],"curies":[{"name":"wp","href":"https:\/\/api.w.org\/{rel}","templated":true}]}}