{"id":5963,"date":"2022-09-16T12:57:37","date_gmt":"2022-09-16T10:57:37","guid":{"rendered":"https:\/\/vitafeast.cooldizajn.com\/?post_type=product&#038;p=5963"},"modified":"2022-09-16T14:12:52","modified_gmt":"2022-09-16T12:12:52","slug":"cekla","status":"publish","type":"product","link":"https:\/\/vitafeast.cooldizajn.com\/hu\/termek\/cekla\/","title":{"rendered":"FRESH C\u00e9kla"},"content":{"rendered":"<p><strong>FRESH C\u00e9kla<\/strong>, f\u0151 \u00f6sszetev\u0151j\u00e9vel, a c\u00e9kl\u00e1val, \u00e9s a gondosan hozz\u00e1adott, naranccsal, s\u00e1rgar\u00e9p\u00e1val, alm\u00e1val \u00e9s citrommal, teste igazi pajzsa az eg\u00e9szs\u00e9g meg\u0151rz\u00e9s\u00e9\u00e9rt folytatott k\u00fczdelemben. Szinte nincs olyan \u00e1sv\u00e1nyi anyag, melyet ne tartalmazn\u00e1 a c\u00e9kla, ez\u00e9rt a FRESH C\u00e9kla gazdag vasban, k\u00e1liumban, kalciumban, n\u00e1triumban, foszforban, magn\u00e9ziumban, mang\u00e1nban, valamint C-, B6-, B9-, A- \u00e9s K1-vitaminban is. Gazdag t\u00e1panyagainak k\u00f6sz\u00f6nhet\u0151en a FRESH C\u00e9kla seg\u00edthet a v\u00e9rnyom\u00e1s szab\u00e1lyoz\u00e1s\u00e1ban, valamint hozz\u00e1j\u00e1rulhat a r\u00e1k megel\u0151z\u00e9s\u00e9hez, a m\u00e1j tiszt\u00edt\u00e1s\u00e1hoz \u00e9s a v\u00e9rszeg\u00e9nys\u00e9g kezel\u00e9s\u00e9hez is. <strong>FRESH C\u00e9kla<\/strong> bogat gvo\u017e\u0111em, kalijumom, kalcijumom, natrijumom, fosforom, magnezijumom, manganom, kao i vitaminima C, B6, B9, A i K1. Usled bogatih nutritivnih svojstava koje sadr\u017ei, <strong>FRESH C\u00e9kla<\/strong> ..<\/p>","protected":false},"excerpt":{"rendered":"<p>C\u00c9KLA \u2022 S\u00c1RGAR\u00c9PA \u2022 NARANCS \u2022 ALMA \u2022 CITROM<\/p>","protected":false},"featured_media":5959,"comment_status":"open","ping_status":"closed","template":"","meta":{"site-sidebar-layout":"default","site-content-layout":"default","ast-global-header-display":"","ast-main-header-display":"","ast-hfb-above-header-display":"","ast-hfb-below-header-display":"","ast-hfb-mobile-header-display":"","site-post-title":"","ast-breadcrumbs-content":"","ast-featured-img":"","footer-sml-layout":"","theme-transparent-header-meta":"default","adv-header-id-meta":"","stick-header-meta":"default","header-above-stick-meta":"","header-main-stick-meta":"","header-below-stick-meta":""},"product_brand":[],"product_cat":[18],"product_tag":[],"class_list":{"0":"post-5963","1":"product","2":"type-product","3":"status-publish","4":"has-post-thumbnail","6":"product_cat-hladno-cedjeni-sokovi","7":"desktop-align-center","8":"tablet-align-center","9":"mobile-align-center","11":"first","12":"instock","13":"featured","14":"shipping-taxable","15":"purchasable","16":"product-type-simple"},"yoast_head":"<!-- This site is optimized with the Yoast SEO plugin v27.4 - https:\/\/yoast.com\/product\/yoast-seo-wordpress\/ -->\n<title>FRESH Cvekla | Vitafeast<\/title>\n<meta name=\"robots\" content=\"index, follow, max-snippet:-1, max-image-preview:large, max-video-preview:-1\" \/>\n<link rel=\"canonical\" href=\"https:\/\/vitafeast.cooldizajn.com\/hu\/termek\/cekla\/\" \/>\n<meta property=\"og:locale\" content=\"hu_HU\" \/>\n<meta property=\"og:type\" content=\"article\" \/>\n<meta property=\"og:title\" content=\"FRESH Cvekla | Vitafeast\" \/>\n<meta property=\"og:description\" content=\"CVEKLA \u2022 \u0160ARGAREPA \u2022 NARAND\u017dA \u2022 JABUKA \u2022 LIMUN\" \/>\n<meta property=\"og:url\" content=\"https:\/\/vitafeast.cooldizajn.com\/hu\/termek\/cekla\/\" \/>\n<meta property=\"og:site_name\" content=\"Vitafeast\" \/>\n<meta property=\"article:publisher\" content=\"https:\/\/www.facebook.com\/vitafeast\" \/>\n<meta property=\"article:modified_time\" content=\"2022-09-16T12:12:52+00:00\" \/>\n<meta property=\"og:image\" content=\"https:\/\/vitafeast.cooldizajn.com\/wp-content\/uploads\/2022\/09\/Cvekla-1.png\" \/>\n\t<meta property=\"og:image:width\" content=\"600\" \/>\n\t<meta property=\"og:image:height\" content=\"600\" \/>\n\t<meta property=\"og:image:type\" content=\"image\/png\" \/>\n<meta name=\"twitter:card\" content=\"summary_large_image\" \/>\n<meta name=\"twitter:label1\" content=\"Becs\u00fclt olvas\u00e1si id\u0151\" \/>\n\t<meta name=\"twitter:data1\" content=\"1 perc\" \/>\n<script type=\"application\/ld+json\" class=\"yoast-schema-graph\">{\"@context\":\"https:\\\/\\\/schema.org\",\"@graph\":[{\"@type\":\"WebPage\",\"@id\":\"https:\\\/\\\/vitafeast.cooldizajn.com\\\/\u043f\u0440\u043e\u0438\u0437\u0432\u043e\u0434\\\/cekla\\\/\",\"url\":\"https:\\\/\\\/vitafeast.cooldizajn.com\\\/\u043f\u0440\u043e\u0438\u0437\u0432\u043e\u0434\\\/cekla\\\/\",\"name\":\"FRESH Cvekla | Vitafeast\",\"isPartOf\":{\"@id\":\"https:\\\/\\\/vitafeast.cooldizajn.com\\\/#website\"},\"primaryImageOfPage\":{\"@id\":\"https:\\\/\\\/vitafeast.cooldizajn.com\\\/\u043f\u0440\u043e\u0438\u0437\u0432\u043e\u0434\\\/cekla\\\/#primaryimage\"},\"image\":{\"@id\":\"https:\\\/\\\/vitafeast.cooldizajn.com\\\/\u043f\u0440\u043e\u0438\u0437\u0432\u043e\u0434\\\/cekla\\\/#primaryimage\"},\"thumbnailUrl\":\"https:\\\/\\\/vitafeast.cooldizajn.com\\\/wp-content\\\/uploads\\\/2022\\\/09\\\/Cvekla-1.png\",\"datePublished\":\"2022-09-16T10:57:37+00:00\",\"dateModified\":\"2022-09-16T12:12:52+00:00\",\"breadcrumb\":{\"@id\":\"https:\\\/\\\/vitafeast.cooldizajn.com\\\/\u043f\u0440\u043e\u0438\u0437\u0432\u043e\u0434\\\/cekla\\\/#breadcrumb\"},\"inLanguage\":\"hu\",\"potentialAction\":[{\"@type\":\"ReadAction\",\"target\":[\"https:\\\/\\\/vitafeast.cooldizajn.com\\\/\u043f\u0440\u043e\u0438\u0437\u0432\u043e\u0434\\\/cekla\\\/\"]}]},{\"@type\":\"ImageObject\",\"inLanguage\":\"hu\",\"@id\":\"https:\\\/\\\/vitafeast.cooldizajn.com\\\/\u043f\u0440\u043e\u0438\u0437\u0432\u043e\u0434\\\/cekla\\\/#primaryimage\",\"url\":\"https:\\\/\\\/vitafeast.cooldizajn.com\\\/wp-content\\\/uploads\\\/2022\\\/09\\\/Cvekla-1.png\",\"contentUrl\":\"https:\\\/\\\/vitafeast.cooldizajn.com\\\/wp-content\\\/uploads\\\/2022\\\/09\\\/Cvekla-1.png\",\"width\":600,\"height\":600},{\"@type\":\"BreadcrumbList\",\"@id\":\"https:\\\/\\\/vitafeast.cooldizajn.com\\\/\u043f\u0440\u043e\u0438\u0437\u0432\u043e\u0434\\\/cekla\\\/#breadcrumb\",\"itemListElement\":[{\"@type\":\"ListItem\",\"position\":1,\"name\":\"Po\u010detna\",\"item\":\"https:\\\/\\\/vitafeast.cooldizajn.com\\\/\"},{\"@type\":\"ListItem\",\"position\":2,\"name\":\"\u041f\u0440\u043e\u0438\u0437\u0432\u043e\u0434\u0438\",\"item\":\"https:\\\/\\\/vitafeast.cooldizajn.com\\\/shop\\\/\"},{\"@type\":\"ListItem\",\"position\":3,\"name\":\"FRESH Cvekla\"}]},{\"@type\":\"WebSite\",\"@id\":\"https:\\\/\\\/vitafeast.cooldizajn.com\\\/#website\",\"url\":\"https:\\\/\\\/vitafeast.cooldizajn.com\\\/\",\"name\":\"Vitafeast\",\"description\":\"\",\"publisher\":{\"@id\":\"https:\\\/\\\/vitafeast.cooldizajn.com\\\/#organization\"},\"potentialAction\":[{\"@type\":\"SearchAction\",\"target\":{\"@type\":\"EntryPoint\",\"urlTemplate\":\"https:\\\/\\\/vitafeast.cooldizajn.com\\\/?s={search_term_string}\"},\"query-input\":{\"@type\":\"PropertyValueSpecification\",\"valueRequired\":true,\"valueName\":\"search_term_string\"}}],\"inLanguage\":\"hu\"},{\"@type\":\"Organization\",\"@id\":\"https:\\\/\\\/vitafeast.cooldizajn.com\\\/#organization\",\"name\":\"Vitafeast\",\"url\":\"https:\\\/\\\/vitafeast.cooldizajn.com\\\/\",\"logo\":{\"@type\":\"ImageObject\",\"inLanguage\":\"hu\",\"@id\":\"https:\\\/\\\/vitafeast.cooldizajn.com\\\/#\\\/schema\\\/logo\\\/image\\\/\",\"url\":\"https:\\\/\\\/vitafeast.cooldizajn.com\\\/wp-content\\\/uploads\\\/2021\\\/11\\\/60-light.png\",\"contentUrl\":\"https:\\\/\\\/vitafeast.cooldizajn.com\\\/wp-content\\\/uploads\\\/2021\\\/11\\\/60-light.png\",\"width\":90,\"height\":61,\"caption\":\"Vitafeast\"},\"image\":{\"@id\":\"https:\\\/\\\/vitafeast.cooldizajn.com\\\/#\\\/schema\\\/logo\\\/image\\\/\"},\"sameAs\":[\"https:\\\/\\\/www.facebook.com\\\/vitafeast\",\"https:\\\/\\\/www.instagram.com\\\/vitafeast\\\/\"]}]}<\/script>\n<!-- \/ Yoast SEO plugin. -->","yoast_head_json":{"title":"FRESH Cvekla | Vitafeast","robots":{"index":"index","follow":"follow","max-snippet":"max-snippet:-1","max-image-preview":"max-image-preview:large","max-video-preview":"max-video-preview:-1"},"canonical":"https:\/\/vitafeast.cooldizajn.com\/hu\/termek\/cekla\/","og_locale":"hu_HU","og_type":"article","og_title":"FRESH Cvekla | Vitafeast","og_description":"CVEKLA \u2022 \u0160ARGAREPA \u2022 NARAND\u017dA \u2022 JABUKA \u2022 LIMUN","og_url":"https:\/\/vitafeast.cooldizajn.com\/hu\/termek\/cekla\/","og_site_name":"Vitafeast","article_publisher":"https:\/\/www.facebook.com\/vitafeast","article_modified_time":"2022-09-16T12:12:52+00:00","og_image":[{"width":600,"height":600,"url":"https:\/\/vitafeast.cooldizajn.com\/wp-content\/uploads\/2022\/09\/Cvekla-1.png","type":"image\/png"}],"twitter_card":"summary_large_image","twitter_misc":{"Becs\u00fclt olvas\u00e1si id\u0151":"1 perc"},"schema":{"@context":"https:\/\/schema.org","@graph":[{"@type":"WebPage","@id":"https:\/\/vitafeast.cooldizajn.com\/\u043f\u0440\u043e\u0438\u0437\u0432\u043e\u0434\/cekla\/","url":"https:\/\/vitafeast.cooldizajn.com\/\u043f\u0440\u043e\u0438\u0437\u0432\u043e\u0434\/cekla\/","name":"FRESH Cvekla | Vitafeast","isPartOf":{"@id":"https:\/\/vitafeast.cooldizajn.com\/#website"},"primaryImageOfPage":{"@id":"https:\/\/vitafeast.cooldizajn.com\/\u043f\u0440\u043e\u0438\u0437\u0432\u043e\u0434\/cekla\/#primaryimage"},"image":{"@id":"https:\/\/vitafeast.cooldizajn.com\/\u043f\u0440\u043e\u0438\u0437\u0432\u043e\u0434\/cekla\/#primaryimage"},"thumbnailUrl":"https:\/\/vitafeast.cooldizajn.com\/wp-content\/uploads\/2022\/09\/Cvekla-1.png","datePublished":"2022-09-16T10:57:37+00:00","dateModified":"2022-09-16T12:12:52+00:00","breadcrumb":{"@id":"https:\/\/vitafeast.cooldizajn.com\/\u043f\u0440\u043e\u0438\u0437\u0432\u043e\u0434\/cekla\/#breadcrumb"},"inLanguage":"hu","potentialAction":[{"@type":"ReadAction","target":["https:\/\/vitafeast.cooldizajn.com\/\u043f\u0440\u043e\u0438\u0437\u0432\u043e\u0434\/cekla\/"]}]},{"@type":"ImageObject","inLanguage":"hu","@id":"https:\/\/vitafeast.cooldizajn.com\/\u043f\u0440\u043e\u0438\u0437\u0432\u043e\u0434\/cekla\/#primaryimage","url":"https:\/\/vitafeast.cooldizajn.com\/wp-content\/uploads\/2022\/09\/Cvekla-1.png","contentUrl":"https:\/\/vitafeast.cooldizajn.com\/wp-content\/uploads\/2022\/09\/Cvekla-1.png","width":600,"height":600},{"@type":"BreadcrumbList","@id":"https:\/\/vitafeast.cooldizajn.com\/\u043f\u0440\u043e\u0438\u0437\u0432\u043e\u0434\/cekla\/#breadcrumb","itemListElement":[{"@type":"ListItem","position":1,"name":"Po\u010detna","item":"https:\/\/vitafeast.cooldizajn.com\/"},{"@type":"ListItem","position":2,"name":"\u041f\u0440\u043e\u0438\u0437\u0432\u043e\u0434\u0438","item":"https:\/\/vitafeast.cooldizajn.com\/shop\/"},{"@type":"ListItem","position":3,"name":"FRESH Cvekla"}]},{"@type":"WebSite","@id":"https:\/\/vitafeast.cooldizajn.com\/#website","url":"https:\/\/vitafeast.cooldizajn.com\/","name":"Vitafeast","description":"","publisher":{"@id":"https:\/\/vitafeast.cooldizajn.com\/#organization"},"potentialAction":[{"@type":"SearchAction","target":{"@type":"EntryPoint","urlTemplate":"https:\/\/vitafeast.cooldizajn.com\/?s={search_term_string}"},"query-input":{"@type":"PropertyValueSpecification","valueRequired":true,"valueName":"search_term_string"}}],"inLanguage":"hu"},{"@type":"Organization","@id":"https:\/\/vitafeast.cooldizajn.com\/#organization","name":"Vitafeast","url":"https:\/\/vitafeast.cooldizajn.com\/","logo":{"@type":"ImageObject","inLanguage":"hu","@id":"https:\/\/vitafeast.cooldizajn.com\/#\/schema\/logo\/image\/","url":"https:\/\/vitafeast.cooldizajn.com\/wp-content\/uploads\/2021\/11\/60-light.png","contentUrl":"https:\/\/vitafeast.cooldizajn.com\/wp-content\/uploads\/2021\/11\/60-light.png","width":90,"height":61,"caption":"Vitafeast"},"image":{"@id":"https:\/\/vitafeast.cooldizajn.com\/#\/schema\/logo\/image\/"},"sameAs":["https:\/\/www.facebook.com\/vitafeast","https:\/\/www.instagram.com\/vitafeast\/"]}]}},"_links":{"self":[{"href":"https:\/\/vitafeast.cooldizajn.com\/hu\/wp-json\/wp\/v2\/product\/5963","targetHints":{"allow":["GET"]}}],"collection":[{"href":"https:\/\/vitafeast.cooldizajn.com\/hu\/wp-json\/wp\/v2\/product"}],"about":[{"href":"https:\/\/vitafeast.cooldizajn.com\/hu\/wp-json\/wp\/v2\/types\/product"}],"replies":[{"embeddable":true,"href":"https:\/\/vitafeast.cooldizajn.com\/hu\/wp-json\/wp\/v2\/comments?post=5963"}],"wp:featuredmedia":[{"embeddable":true,"href":"https:\/\/vitafeast.cooldizajn.com\/hu\/wp-json\/wp\/v2\/media\/5959"}],"wp:attachment":[{"href":"https:\/\/vitafeast.cooldizajn.com\/hu\/wp-json\/wp\/v2\/media?parent=5963"}],"wp:term":[{"taxonomy":"product_brand","embeddable":true,"href":"https:\/\/vitafeast.cooldizajn.com\/hu\/wp-json\/wp\/v2\/product_brand?post=5963"},{"taxonomy":"product_cat","embeddable":true,"href":"https:\/\/vitafeast.cooldizajn.com\/hu\/wp-json\/wp\/v2\/product_cat?post=5963"},{"taxonomy":"product_tag","embeddable":true,"href":"https:\/\/vitafeast.cooldizajn.com\/hu\/wp-json\/wp\/v2\/product_tag?post=5963"}],"curies":[{"name":"wp","href":"https:\/\/api.w.org\/{rel}","templated":true}]}}